{"id":309,"date":"2021-08-26T13:01:49","date_gmt":"2021-08-26T13:01:49","guid":{"rendered":"https:\/\/wordpress.fotoatelier-tollgreve.de\/?page_id=309"},"modified":"2021-09-03T13:10:41","modified_gmt":"2021-09-03T13:10:41","slug":"studio","status":"publish","type":"page","link":"https:\/\/fotoatelier-tollgreve.de\/studio\/","title":{"rendered":"Studio"},"content":{"rendered":"<p>Mein Studio ist mit vielen liebevollen Accessoires sowie mit verschiedenen Gestaltungsm\u00f6glichkeiten ein idealer Rahmen\u00a0 f\u00fcr besondere Aufnahmen. Mit Tageslicht und Kunstlicht ist es mit allen fototechnischen Einrichtungen f\u00fcr besondere\u00a0 Aufnahmen f\u00fcr Sie und Ihre Lieben eingerichtet.<\/p>\n<p>F\u00fcr Aufnahmen Outdoor suchen wir uns eine spannende Location au\u00dferhalb. Das ist auch m\u00f6glich.<\/p>\n<p>Ich freue mich, Euch begr\u00fc\u00dfen zu d\u00fcrfen<\/p>\n<style type=\"text\/css\" scoped>.rbs_gallery_69e1b57b4a6deSpinner{\r\n\t\t\t\tmargin: 50px auto;\r\n\t\t\t\twidth: 50px;\r\n\t\t\t\theight: 40px;\r\n\t\t\t\ttext-align: center;\r\n\t\t\t\tfont-size: 10px;\r\n\t\t\t}\r\n\t\t\t.rbs_gallery_69e1b57b4a6deSpinner > div{\r\n\t\t\t  background-color: #333;\r\n\t\t\t  height: 100%;\r\n\t\t\t  width: 6px;\r\n\t\t\t  display: inline-block;\r\n\t\t\t  -webkit-animation: rbs_gallery_69e1b57b4a6de-stretchdelay 1.2s infinite ease-in-out;\r\n\t\t\t  animation: rbs_gallery_69e1b57b4a6de-stretchdelay 1.2s infinite ease-in-out;\r\n\t\t\t}\r\n\t\t\t.rbs_gallery_69e1b57b4a6deSpinner .rbs_gallery_69e1b57b4a6deRect2 {\r\n\t\t\t  -webkit-animation-delay: -1.1s;\r\n\t\t\t  animation-delay: -1.1s;\r\n\t\t\t}\r\n\t\t\t.rbs_gallery_69e1b57b4a6deSpinner .rbs_gallery_69e1b57b4a6deRect3 {\r\n\t\t\t  -webkit-animation-delay: -1.0s;\r\n\t\t\t  animation-delay: -1.0s;\r\n\t\t\t}\r\n\t\t\t.rbs_gallery_69e1b57b4a6deSpinner .rbs_gallery_69e1b57b4a6deRect4 {\r\n\t\t\t  -webkit-animation-delay: -0.9s;\r\n\t\t\t  animation-delay: -0.9s;\r\n\t\t\t}\r\n\t\t\t.rbs_gallery_69e1b57b4a6deSpinner .rbs_gallery_69e1b57b4a6deRect5 {\r\n\t\t\t  -webkit-animation-delay: -0.8s;\r\n\t\t\t  animation-delay: -0.8s;\r\n\t\t\t}\r\n\t\t\t@-webkit-keyframes rbs_gallery_69e1b57b4a6de-stretchdelay {\r\n\t\t\t  0%, 40%, 100% { -webkit-transform: scaleY(0.4) }  \r\n\t\t\t  20% { -webkit-transform: scaleY(1.0) }\r\n\t\t\t}\r\n\t\t\t@keyframes rbs_gallery_69e1b57b4a6de-stretchdelay {\r\n\t\t\t  0%, 40%, 100% { \r\n\t\t\t    transform: scaleY(0.4);\r\n\t\t\t    -webkit-transform: scaleY(0.4);\r\n\t\t\t  }  20% { \r\n\t\t\t    transform: scaleY(1.0);\r\n\t\t\t    -webkit-transform: scaleY(1.0);\r\n\t\t\t  }\r\n\t\t\t}\r\n\t\t<\/style><div class=\"robo-gallery-wrap robo-gallery-wrap-id415 robo-gallery-masonry\" ><div id=\"rbs_gallery_69e1b57b4a6de-block-loader\" class=\"rbs_gallery_69e1b57b4a6deSpinner\"><div class=\"rbs_gallery_69e1b57b4a6deRect1\"><\/div> <div class=\"rbs_gallery_69e1b57b4a6deRect2\"><\/div> <div class=\"rbs_gallery_69e1b57b4a6deRect3\"><\/div> <div class=\"rbs_gallery_69e1b57b4a6deRect4\"><\/div> <div class=\"rbs_gallery_69e1b57b4a6deRect5\"><\/div><\/div><div id=\"robo_gallery_main_block_rbs_gallery_69e1b57b4a6de\" class=\"robogallery-gallery-415\" style=\"width:100%;  display: none;\"><div id=\"rbs_gallery_69e1b57b4a6de\" data-options=\"rbs_gallery_69e1b57b4a6de\" style=\"width:100%;\" class=\"robo_gallery  \"><div class=\"rbs-img  category415 \" ><div class=\"rbs-img-image   rbs-lightbox \" ><div class=\"rbs-img-thumbs\"  data-thumbnail=\"https:\/\/fotoatelier-tollgreve.de\/wp-content\/uploads\/2021\/08\/studio3.jpg\"  title=\"studio3\"  data-width=\"1024\"  data-height=\"768\" ><\/div><div class=\"rbs-img-data-popup\"  data-popup=\"https:\/\/fotoatelier-tollgreve.de\/wp-content\/uploads\/2021\/08\/studio3.jpg\"  title=\"studio3\" ><\/div><div class=\"thumbnail-overlay\"><div class=\"rbsIcons\"><i class=\"fa fa-plus rbsZoomIcon \" ><\/i><\/div><\/div><\/div><\/div><div class=\"rbs-img  category415 \" ><div class=\"rbs-img-image   rbs-lightbox \" ><div class=\"rbs-img-thumbs\"  data-thumbnail=\"https:\/\/fotoatelier-tollgreve.de\/wp-content\/uploads\/2021\/09\/log.jpg\"  title=\"log\"  data-width=\"504\"  data-height=\"378\" ><\/div><div class=\"rbs-img-data-popup\"  data-popup=\"https:\/\/fotoatelier-tollgreve.de\/wp-content\/uploads\/2021\/09\/log.jpg\"  title=\"log\" ><\/div><div class=\"thumbnail-overlay\"><div class=\"rbsIcons\"><i class=\"fa fa-plus rbsZoomIcon \" ><\/i><\/div><\/div><\/div><\/div><div class=\"rbs-img  category415 \" ><div class=\"rbs-img-image   rbs-lightbox \" ><div class=\"rbs-img-thumbs\"  data-thumbnail=\"https:\/\/fotoatelier-tollgreve.de\/wp-content\/uploads\/2021\/08\/studio2.jpg\"  title=\"studio2\"  data-width=\"1024\"  data-height=\"1024\" ><\/div><div class=\"rbs-img-data-popup\"  data-popup=\"https:\/\/fotoatelier-tollgreve.de\/wp-content\/uploads\/2021\/08\/studio2.jpg\"  title=\"studio2\" ><\/div><div class=\"thumbnail-overlay\"><div class=\"rbsIcons\"><i class=\"fa fa-plus rbsZoomIcon \" ><\/i><\/div><\/div><\/div><\/div><div class=\"rbs-img  category415 \" ><div class=\"rbs-img-image   rbs-lightbox \" ><div class=\"rbs-img-thumbs\"  data-thumbnail=\"https:\/\/fotoatelier-tollgreve.de\/wp-content\/uploads\/2021\/08\/studio1.jpg\"  title=\"studio1\"  data-width=\"1024\"  data-height=\"719\" ><\/div><div class=\"rbs-img-data-popup\"  data-popup=\"https:\/\/fotoatelier-tollgreve.de\/wp-content\/uploads\/2021\/08\/studio1.jpg\"  title=\"studio1\" ><\/div><div class=\"thumbnail-overlay\"><div class=\"rbsIcons\"><i class=\"fa fa-plus rbsZoomIcon \" ><\/i><\/div><\/div><\/div><\/div><\/div><\/div><\/div><script>var rbs_gallery_69e1b57b4a6de = {\"version\":\"5.1.4\",\"id\":415,\"class\":\"id415\",\"roboGalleryDelay\":1000,\"mainContainer\":\"#robo_gallery_main_block_rbs_gallery_69e1b57b4a6de\",\"loadingContainer\":\"#rbs_gallery_69e1b57b4a6de-block-loader\",\"loadingContainerObj\":\"rbs_gallery_69e1b57b4a6de-block-loader\",\"columnWidth\":\"auto\",\"columns\":3,\"resolutions\":[{\"columnWidth\":\"auto\",\"columns\":3,\"maxWidth\":960},{\"columnWidth\":\"auto\",\"columns\":2,\"maxWidth\":650},{\"columnWidth\":\"auto\",\"columns\":1,\"maxWidth\":450}],\"hideTitle\":true,\"lightboxOptions\":{\"gallery\":{\"enabled\":true,\"tCounter\":\"%curr% of %total%\"}},\"overlayEffect\":\"direction-aware-fade\",\"boxesToLoadStart\":12,\"boxesToLoad\":8,\"waitUntilThumbLoads\":1,\"LoadingWord\":\"Loading...\",\"loadMoreWord\":\"Load More\",\"noMoreEntriesWord\":\"No More Entries\",\"horizontalSpaceBetweenBoxes\":15,\"verticalSpaceBetweenBoxes\":15,\"lazyLoad\":1,\"wrapContainer\":\"#robo-gallery-wrap-rbs_gallery_69e1b57b4a6de\"};<\/script>\n<p>&nbsp;<\/p>\n","protected":false},"excerpt":{"rendered":"<p>Mein Studio ist mit vielen liebevollen Accessoires sowie mit verschiedenen Gestaltungsm\u00f6glichkeiten ein idealer Rahmen\u00a0 f\u00fcr besondere Aufnahmen. Mit Tageslicht und &hellip; <a href=\"https:\/\/fotoatelier-tollgreve.de\/studio\/\" class=\"more-link\"><span class=\"more-button\">Continue Reading<span class=\"screen-reader-text\">Studio<\/span><\/span><\/a><\/p>\n","protected":false},"author":1,"featured_media":0,"parent":0,"menu_order":0,"comment_status":"closed","ping_status":"closed","template":"","meta":{"_eb_attr":"","footnotes":""},"class_list":["post-309","page","type-page","status-publish","hentry"],"yoast_head":"<!-- This site is optimized with the Yoast SEO plugin v27.4 - https:\/\/yoast.com\/product\/yoast-seo-wordpress\/ -->\n<title>Studio - Fotoatelier Tollgreve<\/title>\n<meta name=\"robots\" content=\"index, follow, max-snippet:-1, max-image-preview:large, max-video-preview:-1\" \/>\n<link rel=\"canonical\" href=\"https:\/\/fotoatelier-tollgreve.de\/studio\/\" \/>\n<meta property=\"og:locale\" content=\"de_DE\" \/>\n<meta property=\"og:type\" content=\"article\" \/>\n<meta property=\"og:title\" content=\"Studio - Fotoatelier Tollgreve\" \/>\n<meta property=\"og:description\" content=\"Mein Studio ist mit vielen liebevollen Accessoires sowie mit verschiedenen Gestaltungsm\u00f6glichkeiten ein idealer Rahmen\u00a0 f\u00fcr besondere Aufnahmen. Mit Tageslicht und &hellip; Continue ReadingStudio\" \/>\n<meta property=\"og:url\" content=\"https:\/\/fotoatelier-tollgreve.de\/studio\/\" \/>\n<meta property=\"og:site_name\" content=\"Fotoatelier Tollgreve\" \/>\n<meta property=\"article:modified_time\" content=\"2021-09-03T13:10:41+00:00\" \/>\n<meta name=\"twitter:card\" content=\"summary_large_image\" \/>\n<meta name=\"twitter:label1\" content=\"Gesch\u00e4tzte Lesezeit\" \/>\n\t<meta name=\"twitter:data1\" content=\"1\u00a0Minute\" \/>\n<script type=\"application\/ld+json\" class=\"yoast-schema-graph\">{\"@context\":\"https:\\\/\\\/schema.org\",\"@graph\":[{\"@type\":\"WebPage\",\"@id\":\"https:\\\/\\\/fotoatelier-tollgreve.de\\\/studio\\\/\",\"url\":\"https:\\\/\\\/fotoatelier-tollgreve.de\\\/studio\\\/\",\"name\":\"Studio - Fotoatelier Tollgreve\",\"isPartOf\":{\"@id\":\"https:\\\/\\\/fotoatelier-tollgreve.de\\\/#website\"},\"datePublished\":\"2021-08-26T13:01:49+00:00\",\"dateModified\":\"2021-09-03T13:10:41+00:00\",\"breadcrumb\":{\"@id\":\"https:\\\/\\\/fotoatelier-tollgreve.de\\\/studio\\\/#breadcrumb\"},\"inLanguage\":\"de\",\"potentialAction\":[{\"@type\":\"ReadAction\",\"target\":[\"https:\\\/\\\/fotoatelier-tollgreve.de\\\/studio\\\/\"]}]},{\"@type\":\"BreadcrumbList\",\"@id\":\"https:\\\/\\\/fotoatelier-tollgreve.de\\\/studio\\\/#breadcrumb\",\"itemListElement\":[{\"@type\":\"ListItem\",\"position\":1,\"name\":\"Home\",\"item\":\"https:\\\/\\\/fotoatelier-tollgreve.de\\\/\"},{\"@type\":\"ListItem\",\"position\":2,\"name\":\"Studio\"}]},{\"@type\":\"WebSite\",\"@id\":\"https:\\\/\\\/fotoatelier-tollgreve.de\\\/#website\",\"url\":\"https:\\\/\\\/fotoatelier-tollgreve.de\\\/\",\"name\":\"Fotografin Neum\u00fcnster - HeikeTollgreve\",\"description\":\"\",\"publisher\":{\"@id\":\"https:\\\/\\\/fotoatelier-tollgreve.de\\\/#organization\"},\"potentialAction\":[{\"@type\":\"SearchAction\",\"target\":{\"@type\":\"EntryPoint\",\"urlTemplate\":\"https:\\\/\\\/fotoatelier-tollgreve.de\\\/?s={search_term_string}\"},\"query-input\":{\"@type\":\"PropertyValueSpecification\",\"valueRequired\":true,\"valueName\":\"search_term_string\"}}],\"inLanguage\":\"de\"},{\"@type\":\"Organization\",\"@id\":\"https:\\\/\\\/fotoatelier-tollgreve.de\\\/#organization\",\"name\":\"Fotografin Neum\u00fcnster - Heike Tollgreve\",\"url\":\"https:\\\/\\\/fotoatelier-tollgreve.de\\\/\",\"logo\":{\"@type\":\"ImageObject\",\"inLanguage\":\"de\",\"@id\":\"https:\\\/\\\/fotoatelier-tollgreve.de\\\/#\\\/schema\\\/logo\\\/image\\\/\",\"url\":\"https:\\\/\\\/fotoatelier-tollgreve.de\\\/wp-content\\\/uploads\\\/2021\\\/09\\\/logo-1.jpg\",\"contentUrl\":\"https:\\\/\\\/fotoatelier-tollgreve.de\\\/wp-content\\\/uploads\\\/2021\\\/09\\\/logo-1.jpg\",\"width\":216,\"height\":145,\"caption\":\"Fotografin Neum\u00fcnster - Heike Tollgreve\"},\"image\":{\"@id\":\"https:\\\/\\\/fotoatelier-tollgreve.de\\\/#\\\/schema\\\/logo\\\/image\\\/\"}}]}<\/script>\n<!-- \/ Yoast SEO plugin. -->","yoast_head_json":{"title":"Studio - Fotoatelier Tollgreve","robots":{"index":"index","follow":"follow","max-snippet":"max-snippet:-1","max-image-preview":"max-image-preview:large","max-video-preview":"max-video-preview:-1"},"canonical":"https:\/\/fotoatelier-tollgreve.de\/studio\/","og_locale":"de_DE","og_type":"article","og_title":"Studio - Fotoatelier Tollgreve","og_description":"Mein Studio ist mit vielen liebevollen Accessoires sowie mit verschiedenen Gestaltungsm\u00f6glichkeiten ein idealer Rahmen\u00a0 f\u00fcr besondere Aufnahmen. Mit Tageslicht und &hellip; Continue ReadingStudio","og_url":"https:\/\/fotoatelier-tollgreve.de\/studio\/","og_site_name":"Fotoatelier Tollgreve","article_modified_time":"2021-09-03T13:10:41+00:00","twitter_card":"summary_large_image","twitter_misc":{"Gesch\u00e4tzte Lesezeit":"1\u00a0Minute"},"schema":{"@context":"https:\/\/schema.org","@graph":[{"@type":"WebPage","@id":"https:\/\/fotoatelier-tollgreve.de\/studio\/","url":"https:\/\/fotoatelier-tollgreve.de\/studio\/","name":"Studio - Fotoatelier Tollgreve","isPartOf":{"@id":"https:\/\/fotoatelier-tollgreve.de\/#website"},"datePublished":"2021-08-26T13:01:49+00:00","dateModified":"2021-09-03T13:10:41+00:00","breadcrumb":{"@id":"https:\/\/fotoatelier-tollgreve.de\/studio\/#breadcrumb"},"inLanguage":"de","potentialAction":[{"@type":"ReadAction","target":["https:\/\/fotoatelier-tollgreve.de\/studio\/"]}]},{"@type":"BreadcrumbList","@id":"https:\/\/fotoatelier-tollgreve.de\/studio\/#breadcrumb","itemListElement":[{"@type":"ListItem","position":1,"name":"Home","item":"https:\/\/fotoatelier-tollgreve.de\/"},{"@type":"ListItem","position":2,"name":"Studio"}]},{"@type":"WebSite","@id":"https:\/\/fotoatelier-tollgreve.de\/#website","url":"https:\/\/fotoatelier-tollgreve.de\/","name":"Fotografin Neum\u00fcnster - HeikeTollgreve","description":"","publisher":{"@id":"https:\/\/fotoatelier-tollgreve.de\/#organization"},"potentialAction":[{"@type":"SearchAction","target":{"@type":"EntryPoint","urlTemplate":"https:\/\/fotoatelier-tollgreve.de\/?s={search_term_string}"},"query-input":{"@type":"PropertyValueSpecification","valueRequired":true,"valueName":"search_term_string"}}],"inLanguage":"de"},{"@type":"Organization","@id":"https:\/\/fotoatelier-tollgreve.de\/#organization","name":"Fotografin Neum\u00fcnster - Heike Tollgreve","url":"https:\/\/fotoatelier-tollgreve.de\/","logo":{"@type":"ImageObject","inLanguage":"de","@id":"https:\/\/fotoatelier-tollgreve.de\/#\/schema\/logo\/image\/","url":"https:\/\/fotoatelier-tollgreve.de\/wp-content\/uploads\/2021\/09\/logo-1.jpg","contentUrl":"https:\/\/fotoatelier-tollgreve.de\/wp-content\/uploads\/2021\/09\/logo-1.jpg","width":216,"height":145,"caption":"Fotografin Neum\u00fcnster - Heike Tollgreve"},"image":{"@id":"https:\/\/fotoatelier-tollgreve.de\/#\/schema\/logo\/image\/"}}]}},"_links":{"self":[{"href":"https:\/\/fotoatelier-tollgreve.de\/wp-json\/wp\/v2\/pages\/309","targetHints":{"allow":["GET"]}}],"collection":[{"href":"https:\/\/fotoatelier-tollgreve.de\/wp-json\/wp\/v2\/pages"}],"about":[{"href":"https:\/\/fotoatelier-tollgreve.de\/wp-json\/wp\/v2\/types\/page"}],"author":[{"embeddable":true,"href":"https:\/\/fotoatelier-tollgreve.de\/wp-json\/wp\/v2\/users\/1"}],"replies":[{"embeddable":true,"href":"https:\/\/fotoatelier-tollgreve.de\/wp-json\/wp\/v2\/comments?post=309"}],"version-history":[{"count":4,"href":"https:\/\/fotoatelier-tollgreve.de\/wp-json\/wp\/v2\/pages\/309\/revisions"}],"predecessor-version":[{"id":416,"href":"https:\/\/fotoatelier-tollgreve.de\/wp-json\/wp\/v2\/pages\/309\/revisions\/416"}],"wp:attachment":[{"href":"https:\/\/fotoatelier-tollgreve.de\/wp-json\/wp\/v2\/media?parent=309"}],"curies":[{"name":"wp","href":"https:\/\/api.w.org\/{rel}","templated":true}]}}